{"id":205,"date":"2022-05-25T04:12:05","date_gmt":"2022-05-25T01:12:05","guid":{"rendered":"https:\/\/avngart.com\/vivavis\/?page_id=205"},"modified":"2023-05-09T21:45:18","modified_gmt":"2023-05-09T18:45:18","slug":"npm","status":"publish","type":"page","link":"https:\/\/avngart.com\/vivavis\/urunler\/npm\/","title":{"rendered":"NPM"},"content":{"rendered":"\n<div class=\"wp-block-getwid-content-slider alignfull has-arrows-none has-dots-none page-banner\" data-autoplay=\"true\" data-arrows=\"none\" data-dots=\"none\"><div class=\"wp-block-getwid-content-slider__wrapper\">\n<div class=\"wp-block-getwid-content-slider-slide\"><div class=\"wp-block-getwid-content-slider-slide__wrapper\">\n<div class=\"wp-block-cover alignfull mb-0 mt-0\" style=\"min-height:320px;aspect-ratio:unset;\"><span aria-hidden=\"true\" class=\"wp-block-cover__background has-background-dim-0 has-background-dim\"><\/span><img loading=\"lazy\" decoding=\"async\" width=\"2560\" height=\"470\" class=\"wp-block-cover__image-background wp-image-2004\" alt=\"\" src=\"https:\/\/avngart.com\/vivavis\/wp-content\/uploads\/2022\/08\/05_npm-y-scaled.jpg\" data-object-fit=\"cover\" srcset=\"https:\/\/avngart.com\/vivavis\/wp-content\/uploads\/2022\/08\/05_npm-y-scaled.jpg 2560w, https:\/\/avngart.com\/vivavis\/wp-content\/uploads\/2022\/08\/05_npm-y-300x55.jpg 300w, https:\/\/avngart.com\/vivavis\/wp-content\/uploads\/2022\/08\/05_npm-y-1024x188.jpg 1024w, https:\/\/avngart.com\/vivavis\/wp-content\/uploads\/2022\/08\/05_npm-y-768x141.jpg 768w, https:\/\/avngart.com\/vivavis\/wp-content\/uploads\/2022\/08\/05_npm-y-1536x282.jpg 1536w, https:\/\/avngart.com\/vivavis\/wp-content\/uploads\/2022\/08\/05_npm-y-2048x376.jpg 2048w, https:\/\/avngart.com\/vivavis\/wp-content\/uploads\/2022\/08\/05_npm-y-1200x220.jpg 1200w, https:\/\/avngart.com\/vivavis\/wp-content\/uploads\/2022\/08\/05_npm-y-1980x364.jpg 1980w\" sizes=\"auto, (max-width: 2560px) 100vw, 2560px\" \/><div class=\"wp-block-cover__inner-container is-layout-flow wp-block-cover-is-layout-flow\">\n<p class=\"bs1\">\u0130leri Seviye<\/p>\n\n\n\n<p class=\"bs2\">\u0130\u00e7mesuyu \u015eebeke Y\u00f6netimi<\/p>\n<\/div><\/div>\n<\/div><\/div>\n<\/div><\/div>\n\n\n\n<div class=\"wp-block-columns alignfull block-col-1 is-layout-flex wp-container-core-columns-is-layout-9d6595d7 wp-block-columns-is-layout-flex\">\n<div class=\"wp-block-column is-layout-flow wp-block-column-is-layout-flow\">\n<p>NPM- Network Planner and Manager, \u0130leri seviye \u015febeke y\u00f6netimi, web tabanl\u0131 i\u015fletme y\u00f6netim arac\u0131d\u0131r.  \u0130\u00e7me suyunun kayna\u011f\u0131ndan t\u00fcketiciye kadar iletimine y\u00f6nelik  etkin \u00e7\u00f6z\u00fcm sunar. Suyun t\u00fcketici alanlar\u0131 t\u00fcketim profiline g\u00f6re beklenen miktarda ve \u015febeke bas\u0131nc\u0131nda sunulmas\u0131na imkan sa\u011flar. kay\u0131p, ka\u00e7ak analiz mod\u00fclleri ile ola\u011fan d\u0131\u015f\u0131 durumlar\u0131 bilimsel y\u00f6ntemler ile tespit eder. Kay\u0131p ve ka\u00e7aklar\u0131n \u00f6nlemesi yan\u0131nda \u015febekenin optimum bas\u0131n\u00e7ta i\u015fletilmesine olanak sa\u011flayarak, altyap\u0131n\u0131n ekonomik \u00f6mr\u00fcn\u00fc uzat\u0131lmas\u0131na, i\u015fletme maiyetlerinin d\u00fc\u015f\u00fcr\u00fclmesine buna kar\u015f\u0131n abone memnuniyetinin art\u0131r\u0131lmas\u0131na katk\u0131da bulunur.<\/p>\n\n\n\n<p>Ger\u00e7ek zamanl\u0131 \u015febeke izleme ve y\u00f6netimi, GIS Entegrasyonu harita destekli tesis ve \u015febeke y\u00f6netimi imkan\u0131 sunar. Genel g\u00f6r\u00fcn\u00fcm panelleri (dashboard) , performans de\u011ferlerine dayal\u0131 y\u00f6netim altyap\u0131s\u0131 olu\u015fturur.<\/p>\n\n\n\n<p>SCADA, ERP, GIS, Hidrolik Model, Saya\u00e7, IoT, Data Logger gibi i\u015fletmedeki sistemlerinden \u00f6nemli verilerin \u00e7ekilmesi ve etkin sunumunu yapar.<\/p>\n\n\n\n<p>Kay\u0131p &#8211; Ka\u00e7ak Analizleri, ilgili standartlarda hesaplamalar ve \u015febeke optimizasyonu, DMA &#8211; District metered area, bas\u0131n\u00e7 ve debi y\u00f6netimi sa\u011flar.<\/p>\n\n\n\n<p>Veri analizi, rapor, grafik ve olay y\u00f6netimi ile i\u015fletmede h\u0131zl\u0131 ve do\u011fru karar al\u0131nmas\u0131n\u0131 sa\u011flar. <\/p>\n\n\n\n<p>Mod\u00fcler yap\u0131, esnek kullan\u0131m\u0131 ile i\u015fletmede s\u00fcrekli geni\u015flemeyi ve iyile\u015fmeyi sa\u011flar.<\/p>\n\n\n\n<p><\/p>\n\n\n\n<div class=\"wp-block-columns small-icons biraz-down is-layout-flex wp-container-core-columns-is-layout-9d6595d7 wp-block-columns-is-layout-flex\">\n<div class=\"wp-block-column is-layout-flow wp-block-column-is-layout-flow\"><div class=\"wp-block-image grix\">\n<figure class=\"aligncenter size-full is-resized\"><img loading=\"lazy\" decoding=\"async\" src=\"https:\/\/avngart.com\/vivavis\/wp-content\/uploads\/2022\/06\/Asset-8-1.png\" alt=\"\" class=\"wp-image-702\" width=\"38\" height=\"35\"\/><figcaption class=\"wp-element-caption\">Bas\u0131n\u00e7<\/figcaption><\/figure>\n<\/div><\/div>\n\n\n\n<div class=\"wp-block-column is-layout-flow wp-block-column-is-layout-flow\"><div class=\"wp-block-image grix\">\n<figure class=\"aligncenter size-full is-resized\"><img loading=\"lazy\" decoding=\"async\" src=\"https:\/\/avngart.com\/vivavis\/wp-content\/uploads\/2022\/06\/Asset-9-1.png\" alt=\"\" class=\"wp-image-703\" width=\"38\" height=\"35\"\/><figcaption class=\"wp-element-caption\">Debi<\/figcaption><\/figure>\n<\/div><\/div>\n\n\n\n<div class=\"wp-block-column is-layout-flow wp-block-column-is-layout-flow\"><div class=\"wp-block-image grix\">\n<figure class=\"aligncenter size-full is-resized\"><img loading=\"lazy\" decoding=\"async\" src=\"https:\/\/avngart.com\/vivavis\/wp-content\/uploads\/2022\/06\/Asset-7-2.png\" alt=\"\" class=\"wp-image-713\" width=\"38\" height=\"35\"\/><figcaption class=\"wp-element-caption\">T\u00fcketim<\/figcaption><\/figure>\n<\/div><\/div>\n\n\n\n<div class=\"wp-block-column is-layout-flow wp-block-column-is-layout-flow\"><div class=\"wp-block-image grix\">\n<figure class=\"aligncenter size-full is-resized\"><img loading=\"lazy\" decoding=\"async\" src=\"https:\/\/avngart.com\/vivavis\/wp-content\/uploads\/2022\/06\/Asset-6-2.png\" alt=\"\" class=\"wp-image-712\" width=\"38\" height=\"35\"\/><figcaption class=\"wp-element-caption\">Kalite<\/figcaption><\/figure>\n<\/div><\/div>\n<\/div>\n<\/div>\n\n\n\n<div class=\"wp-block-column is-vertically-aligned-top is-layout-flow wp-block-column-is-layout-flow\">\n<div class=\"wp-block-columns biraz-down is-layout-flex wp-container-core-columns-is-layout-9d6595d7 wp-block-columns-is-layout-flex\">\n<div class=\"wp-block-column is-layout-flow wp-block-column-is-layout-flow\" style=\"flex-basis:100px\">\n<figure class=\"wp-block-image size-full is-resized grix\"><img loading=\"lazy\" decoding=\"async\" src=\"https:\/\/avngart.com\/vivavis\/wp-content\/uploads\/2022\/06\/Asset-4-1.png\" alt=\"\" class=\"wp-image-710\" width=\"36\" height=\"35\"\/><figcaption class=\"wp-element-caption\">DMA<br>Bas\u0131n\u00e7 ve Debi Y\u00f6netimi<\/figcaption><\/figure>\n\n\n\n<figure class=\"wp-block-image size-full is-resized grix\"><img loading=\"lazy\" decoding=\"async\" src=\"https:\/\/avngart.com\/vivavis\/wp-content\/uploads\/2022\/06\/Asset-5-2.png\" alt=\"\" class=\"wp-image-711\" width=\"36\" height=\"35\"\/><figcaption class=\"wp-element-caption\">Kritik Nokta<br>Bas\u0131n\u00e7 Y\u00f6netimi<\/figcaption><\/figure>\n\n\n\n<figure class=\"wp-block-image size-full is-resized grix\"><img loading=\"lazy\" decoding=\"async\" src=\"https:\/\/avngart.com\/vivavis\/wp-content\/uploads\/2022\/06\/Asset-3-1.png\" alt=\"\" class=\"wp-image-709\" width=\"36\" height=\"36\"\/><figcaption class=\"wp-element-caption\">Gece Debisi<br>Analizleri<\/figcaption><\/figure>\n\n\n\n<figure class=\"wp-block-image size-full is-resized grix\"><img loading=\"lazy\" decoding=\"async\" src=\"https:\/\/avngart.com\/vivavis\/wp-content\/uploads\/2022\/06\/Asset-2.png\" alt=\"\" class=\"wp-image-708\" width=\"36\" height=\"35\"\/><figcaption class=\"wp-element-caption\">Su Dengesi Tablosu<\/figcaption><\/figure>\n\n\n\n<figure class=\"wp-block-image size-full is-resized grix\"><img loading=\"lazy\" decoding=\"async\" src=\"https:\/\/avngart.com\/vivavis\/wp-content\/uploads\/2022\/06\/iwa.png\" alt=\"\" class=\"wp-image-717\" width=\"36\" height=\"36\"\/><figcaption class=\"wp-element-caption\">Analizler, raporlar<br>IWA- International<br>water association<\/figcaption><\/figure>\n<\/div>\n\n\n\n<div class=\"wp-block-column is-vertically-aligned-center is-layout-flow wp-block-column-is-layout-flow\"><div class=\"wp-block-image\">\n<figure class=\"alignright size-full is-resized\"><img loading=\"lazy\" decoding=\"async\" src=\"https:\/\/avngart.com\/vivavis\/wp-content\/uploads\/2022\/06\/image.png\" alt=\"\" class=\"wp-image-581\" width=\"254\" height=\"460\" srcset=\"https:\/\/avngart.com\/vivavis\/wp-content\/uploads\/2022\/06\/image.png 254w, https:\/\/avngart.com\/vivavis\/wp-content\/uploads\/2022\/06\/image-166x300.png 166w\" sizes=\"auto, (max-width: 254px) 100vw, 254px\" \/><figcaption class=\"wp-element-caption\">Advanced Water Management<\/figcaption><\/figure>\n<\/div><\/div>\n<\/div>\n<\/div>\n<\/div>\n","protected":false},"excerpt":{"rendered":"<p>NPM- Network Planner and Manager, \u0130leri seviye \u015febeke y\u00f6netimi, web tabanl\u0131 i\u015fletme y\u00f6netim arac\u0131d\u0131r. \u0130\u00e7me suyunun kayna\u011f\u0131ndan t\u00fcketiciye kadar iletimine y\u00f6nelik etkin \u00e7\u00f6z\u00fcm sunar. Suyun t\u00fcketici alanlar\u0131 t\u00fcketim profiline g\u00f6re beklenen miktarda ve \u015febeke bas\u0131nc\u0131nda sunulmas\u0131na imkan sa\u011flar. kay\u0131p, ka\u00e7ak analiz mod\u00fclleri ile ola\u011fan d\u0131\u015f\u0131 durumlar\u0131 bilimsel y\u00f6ntemler ile tespit eder. Kay\u0131p ve ka\u00e7aklar\u0131n \u00f6nlemesi<a class=\"read-more\" href=\"https:\/\/avngart.com\/vivavis\/urunler\/npm\/\"> [&#8230;]<\/a><\/p>\n","protected":false},"author":1,"featured_media":0,"parent":58,"menu_order":20,"comment_status":"closed","ping_status":"closed","template":"templates\/template-alt-sayfalar.php","meta":{"_coblocks_attr":"","_coblocks_dimensions":"","_coblocks_responsive_height":"","_coblocks_accordion_ie_support":"","footnotes":""},"class_list":["post-205","page","type-page","status-publish","hentry"],"yoast_head":"<!-- This site is optimized with the Yoast SEO plugin v27.2 - https:\/\/yoast.com\/product\/yoast-seo-wordpress\/ -->\n<title>NPM - VIVAVIS T\u00fcrkiye<\/title>\n<meta name=\"robots\" content=\"index, follow, max-snippet:-1, max-image-preview:large, max-video-preview:-1\" \/>\n<link rel=\"canonical\" href=\"https:\/\/avngart.com\/vivavis\/urunler\/npm\/\" \/>\n<meta property=\"og:locale\" content=\"tr_TR\" \/>\n<meta property=\"og:type\" content=\"article\" \/>\n<meta property=\"og:title\" content=\"NPM - VIVAVIS T\u00fcrkiye\" \/>\n<meta property=\"og:description\" content=\"NPM- Network Planner and Manager, \u0130leri seviye \u015febeke y\u00f6netimi, web tabanl\u0131 i\u015fletme y\u00f6netim arac\u0131d\u0131r. \u0130\u00e7me suyunun kayna\u011f\u0131ndan t\u00fcketiciye kadar iletimine y\u00f6nelik etkin \u00e7\u00f6z\u00fcm sunar. Suyun t\u00fcketici alanlar\u0131 t\u00fcketim profiline g\u00f6re beklenen miktarda ve \u015febeke bas\u0131nc\u0131nda sunulmas\u0131na imkan sa\u011flar. kay\u0131p, ka\u00e7ak analiz mod\u00fclleri ile ola\u011fan d\u0131\u015f\u0131 durumlar\u0131 bilimsel y\u00f6ntemler ile tespit eder. Kay\u0131p ve ka\u00e7aklar\u0131n \u00f6nlemesi [...]\" \/>\n<meta property=\"og:url\" content=\"https:\/\/avngart.com\/vivavis\/urunler\/npm\/\" \/>\n<meta property=\"og:site_name\" content=\"VIVAVIS T\u00fcrkiye\" \/>\n<meta property=\"article:publisher\" content=\"https:\/\/www.facebook.com\/vivavisag\" \/>\n<meta property=\"article:modified_time\" content=\"2023-05-09T18:45:18+00:00\" \/>\n<meta property=\"og:image\" content=\"https:\/\/avngart.com\/vivavis\/wp-content\/uploads\/2022\/08\/05_npm-y-scaled.jpg\" \/>\n<meta name=\"twitter:card\" content=\"summary_large_image\" \/>\n<meta name=\"twitter:site\" content=\"@VIVAVIS_AG\" \/>\n<meta name=\"twitter:label1\" content=\"Tahmini okuma s\u00fcresi\" \/>\n\t<meta name=\"twitter:data1\" content=\"4 dakika\" \/>\n<script type=\"application\/ld+json\" class=\"yoast-schema-graph\">{\"@context\":\"https:\/\/schema.org\",\"@graph\":[{\"@type\":\"WebPage\",\"@id\":\"https:\/\/avngart.com\/vivavis\/urunler\/npm\/\",\"url\":\"https:\/\/avngart.com\/vivavis\/urunler\/npm\/\",\"name\":\"NPM - VIVAVIS T\u00fcrkiye\",\"isPartOf\":{\"@id\":\"https:\/\/avngart.com\/vivavis\/#website\"},\"primaryImageOfPage\":{\"@id\":\"https:\/\/avngart.com\/vivavis\/urunler\/npm\/#primaryimage\"},\"image\":{\"@id\":\"https:\/\/avngart.com\/vivavis\/urunler\/npm\/#primaryimage\"},\"thumbnailUrl\":\"https:\/\/avngart.com\/vivavis\/wp-content\/uploads\/2022\/08\/05_npm-y-scaled.jpg\",\"datePublished\":\"2022-05-25T01:12:05+00:00\",\"dateModified\":\"2023-05-09T18:45:18+00:00\",\"breadcrumb\":{\"@id\":\"https:\/\/avngart.com\/vivavis\/urunler\/npm\/#breadcrumb\"},\"inLanguage\":\"tr\",\"potentialAction\":[{\"@type\":\"ReadAction\",\"target\":[\"https:\/\/avngart.com\/vivavis\/urunler\/npm\/\"]}]},{\"@type\":\"ImageObject\",\"inLanguage\":\"tr\",\"@id\":\"https:\/\/avngart.com\/vivavis\/urunler\/npm\/#primaryimage\",\"url\":\"https:\/\/avngart.com\/vivavis\/wp-content\/uploads\/2022\/08\/05_npm-y-scaled.jpg\",\"contentUrl\":\"https:\/\/avngart.com\/vivavis\/wp-content\/uploads\/2022\/08\/05_npm-y-scaled.jpg\",\"width\":2560,\"height\":470},{\"@type\":\"BreadcrumbList\",\"@id\":\"https:\/\/avngart.com\/vivavis\/urunler\/npm\/#breadcrumb\",\"itemListElement\":[{\"@type\":\"ListItem\",\"position\":1,\"name\":\"Anasayfa\",\"item\":\"https:\/\/avngart.com\/vivavis\/\"},{\"@type\":\"ListItem\",\"position\":2,\"name\":\"\u00dcR\u00dcNLER\",\"item\":\"https:\/\/avngart.com\/vivavis\/urunler\/\"},{\"@type\":\"ListItem\",\"position\":3,\"name\":\"NPM\"}]},{\"@type\":\"WebSite\",\"@id\":\"https:\/\/avngart.com\/vivavis\/#website\",\"url\":\"https:\/\/avngart.com\/vivavis\/\",\"name\":\"VIVAVIS T\u00fcrkiye\",\"description\":\"Decoding the Future\",\"publisher\":{\"@id\":\"https:\/\/avngart.com\/vivavis\/#organization\"},\"potentialAction\":[{\"@type\":\"SearchAction\",\"target\":{\"@type\":\"EntryPoint\",\"urlTemplate\":\"https:\/\/avngart.com\/vivavis\/?s={search_term_string}\"},\"query-input\":{\"@type\":\"PropertyValueSpecification\",\"valueRequired\":true,\"valueName\":\"search_term_string\"}}],\"inLanguage\":\"tr\"},{\"@type\":\"Organization\",\"@id\":\"https:\/\/avngart.com\/vivavis\/#organization\",\"name\":\"VIVAVIS T\u00fcrkiye\",\"url\":\"https:\/\/avngart.com\/vivavis\/\",\"logo\":{\"@type\":\"ImageObject\",\"inLanguage\":\"tr\",\"@id\":\"https:\/\/avngart.com\/vivavis\/#\/schema\/logo\/image\/\",\"url\":\"https:\/\/avngart.com\/vivavis\/wp-content\/uploads\/2023\/08\/ids-68.svg\",\"contentUrl\":\"https:\/\/avngart.com\/vivavis\/wp-content\/uploads\/2023\/08\/ids-68.svg\",\"width\":1403,\"height\":512,\"caption\":\"VIVAVIS T\u00fcrkiye\"},\"image\":{\"@id\":\"https:\/\/avngart.com\/vivavis\/#\/schema\/logo\/image\/\"},\"sameAs\":[\"https:\/\/www.facebook.com\/vivavisag\",\"https:\/\/x.com\/VIVAVIS_AG\",\"https:\/\/www.instagram.com\/vivavis_ag\/\",\"https:\/\/tr.linkedin.com\/company\/ids-vivavis?trk=similar-pages\"]}]}<\/script>\n<!-- \/ Yoast SEO plugin. -->","yoast_head_json":{"title":"NPM - VIVAVIS T\u00fcrkiye","robots":{"index":"index","follow":"follow","max-snippet":"max-snippet:-1","max-image-preview":"max-image-preview:large","max-video-preview":"max-video-preview:-1"},"canonical":"https:\/\/avngart.com\/vivavis\/urunler\/npm\/","og_locale":"tr_TR","og_type":"article","og_title":"NPM - VIVAVIS T\u00fcrkiye","og_description":"NPM- Network Planner and Manager, \u0130leri seviye \u015febeke y\u00f6netimi, web tabanl\u0131 i\u015fletme y\u00f6netim arac\u0131d\u0131r. \u0130\u00e7me suyunun kayna\u011f\u0131ndan t\u00fcketiciye kadar iletimine y\u00f6nelik etkin \u00e7\u00f6z\u00fcm sunar. Suyun t\u00fcketici alanlar\u0131 t\u00fcketim profiline g\u00f6re beklenen miktarda ve \u015febeke bas\u0131nc\u0131nda sunulmas\u0131na imkan sa\u011flar. kay\u0131p, ka\u00e7ak analiz mod\u00fclleri ile ola\u011fan d\u0131\u015f\u0131 durumlar\u0131 bilimsel y\u00f6ntemler ile tespit eder. Kay\u0131p ve ka\u00e7aklar\u0131n \u00f6nlemesi [...]","og_url":"https:\/\/avngart.com\/vivavis\/urunler\/npm\/","og_site_name":"VIVAVIS T\u00fcrkiye","article_publisher":"https:\/\/www.facebook.com\/vivavisag","article_modified_time":"2023-05-09T18:45:18+00:00","og_image":[{"url":"https:\/\/avngart.com\/vivavis\/wp-content\/uploads\/2022\/08\/05_npm-y-scaled.jpg","type":"","width":"","height":""}],"twitter_card":"summary_large_image","twitter_site":"@VIVAVIS_AG","twitter_misc":{"Tahmini okuma s\u00fcresi":"4 dakika"},"schema":{"@context":"https:\/\/schema.org","@graph":[{"@type":"WebPage","@id":"https:\/\/avngart.com\/vivavis\/urunler\/npm\/","url":"https:\/\/avngart.com\/vivavis\/urunler\/npm\/","name":"NPM - VIVAVIS T\u00fcrkiye","isPartOf":{"@id":"https:\/\/avngart.com\/vivavis\/#website"},"primaryImageOfPage":{"@id":"https:\/\/avngart.com\/vivavis\/urunler\/npm\/#primaryimage"},"image":{"@id":"https:\/\/avngart.com\/vivavis\/urunler\/npm\/#primaryimage"},"thumbnailUrl":"https:\/\/avngart.com\/vivavis\/wp-content\/uploads\/2022\/08\/05_npm-y-scaled.jpg","datePublished":"2022-05-25T01:12:05+00:00","dateModified":"2023-05-09T18:45:18+00:00","breadcrumb":{"@id":"https:\/\/avngart.com\/vivavis\/urunler\/npm\/#breadcrumb"},"inLanguage":"tr","potentialAction":[{"@type":"ReadAction","target":["https:\/\/avngart.com\/vivavis\/urunler\/npm\/"]}]},{"@type":"ImageObject","inLanguage":"tr","@id":"https:\/\/avngart.com\/vivavis\/urunler\/npm\/#primaryimage","url":"https:\/\/avngart.com\/vivavis\/wp-content\/uploads\/2022\/08\/05_npm-y-scaled.jpg","contentUrl":"https:\/\/avngart.com\/vivavis\/wp-content\/uploads\/2022\/08\/05_npm-y-scaled.jpg","width":2560,"height":470},{"@type":"BreadcrumbList","@id":"https:\/\/avngart.com\/vivavis\/urunler\/npm\/#breadcrumb","itemListElement":[{"@type":"ListItem","position":1,"name":"Anasayfa","item":"https:\/\/avngart.com\/vivavis\/"},{"@type":"ListItem","position":2,"name":"\u00dcR\u00dcNLER","item":"https:\/\/avngart.com\/vivavis\/urunler\/"},{"@type":"ListItem","position":3,"name":"NPM"}]},{"@type":"WebSite","@id":"https:\/\/avngart.com\/vivavis\/#website","url":"https:\/\/avngart.com\/vivavis\/","name":"VIVAVIS T\u00fcrkiye","description":"Decoding the Future","publisher":{"@id":"https:\/\/avngart.com\/vivavis\/#organization"},"potentialAction":[{"@type":"SearchAction","target":{"@type":"EntryPoint","urlTemplate":"https:\/\/avngart.com\/vivavis\/?s={search_term_string}"},"query-input":{"@type":"PropertyValueSpecification","valueRequired":true,"valueName":"search_term_string"}}],"inLanguage":"tr"},{"@type":"Organization","@id":"https:\/\/avngart.com\/vivavis\/#organization","name":"VIVAVIS T\u00fcrkiye","url":"https:\/\/avngart.com\/vivavis\/","logo":{"@type":"ImageObject","inLanguage":"tr","@id":"https:\/\/avngart.com\/vivavis\/#\/schema\/logo\/image\/","url":"https:\/\/avngart.com\/vivavis\/wp-content\/uploads\/2023\/08\/ids-68.svg","contentUrl":"https:\/\/avngart.com\/vivavis\/wp-content\/uploads\/2023\/08\/ids-68.svg","width":1403,"height":512,"caption":"VIVAVIS T\u00fcrkiye"},"image":{"@id":"https:\/\/avngart.com\/vivavis\/#\/schema\/logo\/image\/"},"sameAs":["https:\/\/www.facebook.com\/vivavisag","https:\/\/x.com\/VIVAVIS_AG","https:\/\/www.instagram.com\/vivavis_ag\/","https:\/\/tr.linkedin.com\/company\/ids-vivavis?trk=similar-pages"]}]}},"_links":{"self":[{"href":"https:\/\/avngart.com\/vivavis\/wp-json\/wp\/v2\/pages\/205","targetHints":{"allow":["GET"]}}],"collection":[{"href":"https:\/\/avngart.com\/vivavis\/wp-json\/wp\/v2\/pages"}],"about":[{"href":"https:\/\/avngart.com\/vivavis\/wp-json\/wp\/v2\/types\/page"}],"author":[{"embeddable":true,"href":"https:\/\/avngart.com\/vivavis\/wp-json\/wp\/v2\/users\/1"}],"replies":[{"embeddable":true,"href":"https:\/\/avngart.com\/vivavis\/wp-json\/wp\/v2\/comments?post=205"}],"version-history":[{"count":3,"href":"https:\/\/avngart.com\/vivavis\/wp-json\/wp\/v2\/pages\/205\/revisions"}],"predecessor-version":[{"id":2720,"href":"https:\/\/avngart.com\/vivavis\/wp-json\/wp\/v2\/pages\/205\/revisions\/2720"}],"up":[{"embeddable":true,"href":"https:\/\/avngart.com\/vivavis\/wp-json\/wp\/v2\/pages\/58"}],"wp:attachment":[{"href":"https:\/\/avngart.com\/vivavis\/wp-json\/wp\/v2\/media?parent=205"}],"curies":[{"name":"wp","href":"https:\/\/api.w.org\/{rel}","templated":true}]}}