{"id":207,"date":"2022-05-25T04:13:48","date_gmt":"2022-05-25T01:13:48","guid":{"rendered":"https:\/\/avngart.com\/vivavis\/?page_id=207"},"modified":"2023-05-09T21:14:19","modified_gmt":"2023-05-09T18:14:19","slug":"skalar-pro","status":"publish","type":"page","link":"https:\/\/avngart.com\/vivavis\/urunler\/skalar-pro\/","title":{"rendered":"skalar.Pro"},"content":{"rendered":"\n<div class=\"wp-block-getwid-content-slider alignfull has-arrows-none has-dots-none page-banner\" data-autoplay=\"true\" data-arrows=\"none\" data-dots=\"none\"><div class=\"wp-block-getwid-content-slider__wrapper\">\n<div class=\"wp-block-getwid-content-slider-slide\"><div class=\"wp-block-getwid-content-slider-slide__wrapper\">\n<div class=\"wp-block-cover alignfull mb-0 mt-0\" style=\"min-height:320px;aspect-ratio:unset;\"><span aria-hidden=\"true\" class=\"wp-block-cover__background has-background-dim-0 has-background-dim\"><\/span><img loading=\"lazy\" decoding=\"async\" width=\"2560\" height=\"470\" class=\"wp-block-cover__image-background wp-image-2007\" alt=\"\" src=\"https:\/\/avngart.com\/vivavis\/wp-content\/uploads\/2022\/08\/08_skalar_pro-y-scaled.jpg\" data-object-fit=\"cover\" srcset=\"https:\/\/avngart.com\/vivavis\/wp-content\/uploads\/2022\/08\/08_skalar_pro-y-scaled.jpg 2560w, https:\/\/avngart.com\/vivavis\/wp-content\/uploads\/2022\/08\/08_skalar_pro-y-300x55.jpg 300w, https:\/\/avngart.com\/vivavis\/wp-content\/uploads\/2022\/08\/08_skalar_pro-y-1024x188.jpg 1024w, https:\/\/avngart.com\/vivavis\/wp-content\/uploads\/2022\/08\/08_skalar_pro-y-768x141.jpg 768w, https:\/\/avngart.com\/vivavis\/wp-content\/uploads\/2022\/08\/08_skalar_pro-y-1536x282.jpg 1536w, https:\/\/avngart.com\/vivavis\/wp-content\/uploads\/2022\/08\/08_skalar_pro-y-2048x376.jpg 2048w, https:\/\/avngart.com\/vivavis\/wp-content\/uploads\/2022\/08\/08_skalar_pro-y-1200x220.jpg 1200w, https:\/\/avngart.com\/vivavis\/wp-content\/uploads\/2022\/08\/08_skalar_pro-y-1980x364.jpg 1980w\" sizes=\"auto, (max-width: 2560px) 100vw, 2560px\" \/><div class=\"wp-block-cover__inner-container is-layout-flow wp-block-cover-is-layout-flow\">\n<p class=\"bs1\">Saya\u00e7 okuma sistemlerinde<\/p>\n\n\n\n<p class=\"bs2\"><strong>lider \u00e7\u00f6z\u00fcm<\/strong>\u2026<\/p>\n<\/div><\/div>\n<\/div><\/div>\n<\/div><\/div>\n\n\n\n<div class=\"wp-block-columns alignfull block-col-1 is-layout-flex wp-container-core-columns-is-layout-9d6595d7 wp-block-columns-is-layout-flex\">\n<div class=\"wp-block-column is-layout-flow wp-block-column-is-layout-flow\">\n<p>Skalar.pro, otomatik saya\u00e7 okuma saha haberle\u015fme donan\u0131m \u00e7\u00f6z\u00fcm\u00fc. \u00c7ok y\u00f6nl\u00fc aray\u00fcz se\u00e7enekleri sayesinde, merkezi olmayan okuman\u0131n yan\u0131 s\u0131ra enerji, \u0131s\u0131, gaz ve su saya\u00e7lar\u0131 taraf\u0131ndan sa\u011flanan verilerin zamana ba\u011fl\u0131 veya olay tetikli iletimi i\u00e7in Skalar.pro&#8217;yu kullanabilirsiniz.<\/p>\n\n\n\n<p>Skalar.pro kapsaml\u0131 g\u00fcvenlik \u00f6zellikleri sa\u011flar ve IP tabanl\u0131 veri ileti\u015fiminin getirdi\u011fi t\u00fcm talepleri kar\u015f\u0131lar. Esneklik, montaj se\u00e7enekleri s\u00f6z konusu oldu\u011funda da kendini g\u00f6sterir<\/p>\n\n\n\n<p>Skalar.pro ETHN, uzaktan ileti\u015fim i\u00e7in 10BASE-T\/100BASE-TX Ethernet standartlar\u0131n\u0131 kullan\u0131r ve harici DSL modemler arac\u0131l\u0131\u011f\u0131yla PPPoE ile DSL ba\u011flant\u0131lar\u0131n\u0131 destekler. Genellikle, ileti\u015fim i\u00e7in cihazda sonland\u0131r\u0131lan g\u00fcvenli VPN t\u00fcnelleri kullan\u0131l\u0131r. Skalar.pro&#8217;nun \u015fifreleme i\u015flevleri son teknolojidir.<\/p>\n\n\n\n<p>DSL\/Ethernet \u00fczerinden IP tabanl\u0131 veri aktar\u0131m\u0131 All-IP&#8217;ye ge\u00e7i\u015fin getirdi\u011fi taleplere uygunluk IP ileti\u015fimli LCM BSI standartlar\u0131na ve gereksinimlerine uygun g\u00fcvenli veri iletimi SMGW ve GWA ile ba\u011flant\u0131.<\/p>\n<\/div>\n\n\n\n<div class=\"wp-block-column is-layout-flow wp-block-column-is-layout-flow\"><div class=\"wp-block-image grix\">\n<figure class=\"aligncenter size-full is-resized\"><a href=\"https:\/\/www.vivavis.com\/en\/products\/metering\/skalar-pro\/\" target=\"_blank\" rel=\"noreferrer noopener\"><img loading=\"lazy\" decoding=\"async\" src=\"https:\/\/avngart.com\/vivavis\/wp-content\/uploads\/2022\/08\/Skalar-Pro.png\" alt=\"\" class=\"wp-image-1386\" width=\"373\" height=\"188\" srcset=\"https:\/\/avngart.com\/vivavis\/wp-content\/uploads\/2022\/08\/Skalar-Pro.png 746w, https:\/\/avngart.com\/vivavis\/wp-content\/uploads\/2022\/08\/Skalar-Pro-300x151.png 300w\" sizes=\"auto, (max-width: 373px) 100vw, 373px\" \/><\/a><figcaption class=\"wp-element-caption\">Smart Metering<\/figcaption><\/figure>\n<\/div><\/div>\n<\/div>\n","protected":false},"excerpt":{"rendered":"<p>Skalar.pro, otomatik saya\u00e7 okuma saha haberle\u015fme donan\u0131m \u00e7\u00f6z\u00fcm\u00fc. \u00c7ok y\u00f6nl\u00fc aray\u00fcz se\u00e7enekleri sayesinde, merkezi olmayan okuman\u0131n yan\u0131 s\u0131ra enerji, \u0131s\u0131, gaz ve su saya\u00e7lar\u0131 taraf\u0131ndan sa\u011flanan verilerin zamana ba\u011fl\u0131 veya olay tetikli iletimi i\u00e7in Skalar.pro&#8217;yu kullanabilirsiniz. Skalar.pro kapsaml\u0131 g\u00fcvenlik \u00f6zellikleri sa\u011flar ve IP tabanl\u0131 veri ileti\u015fiminin getirdi\u011fi t\u00fcm talepleri kar\u015f\u0131lar. Esneklik, montaj se\u00e7enekleri s\u00f6z konusu<a class=\"read-more\" href=\"https:\/\/avngart.com\/vivavis\/urunler\/skalar-pro\/\"> [&#8230;]<\/a><\/p>\n","protected":false},"author":1,"featured_media":0,"parent":58,"menu_order":80,"comment_status":"closed","ping_status":"closed","template":"templates\/template-urunler.php","meta":{"_coblocks_attr":"","_coblocks_dimensions":"","_coblocks_responsive_height":"","_coblocks_accordion_ie_support":"","footnotes":""},"class_list":["post-207","page","type-page","status-publish","hentry"],"yoast_head":"<!-- This site is optimized with the Yoast SEO plugin v27.2 - https:\/\/yoast.com\/product\/yoast-seo-wordpress\/ -->\n<title>skalar.Pro - VIVAVIS T\u00fcrkiye<\/title>\n<meta name=\"robots\" content=\"index, follow, max-snippet:-1, max-image-preview:large, max-video-preview:-1\" \/>\n<link rel=\"canonical\" href=\"https:\/\/avngart.com\/vivavis\/urunler\/skalar-pro\/\" \/>\n<meta property=\"og:locale\" content=\"tr_TR\" \/>\n<meta property=\"og:type\" content=\"article\" \/>\n<meta property=\"og:title\" content=\"skalar.Pro - VIVAVIS T\u00fcrkiye\" \/>\n<meta property=\"og:description\" content=\"Skalar.pro, otomatik saya\u00e7 okuma saha haberle\u015fme donan\u0131m \u00e7\u00f6z\u00fcm\u00fc. \u00c7ok y\u00f6nl\u00fc aray\u00fcz se\u00e7enekleri sayesinde, merkezi olmayan okuman\u0131n yan\u0131 s\u0131ra enerji, \u0131s\u0131, gaz ve su saya\u00e7lar\u0131 taraf\u0131ndan sa\u011flanan verilerin zamana ba\u011fl\u0131 veya olay tetikli iletimi i\u00e7in Skalar.pro&#8217;yu kullanabilirsiniz. Skalar.pro kapsaml\u0131 g\u00fcvenlik \u00f6zellikleri sa\u011flar ve IP tabanl\u0131 veri ileti\u015fiminin getirdi\u011fi t\u00fcm talepleri kar\u015f\u0131lar. Esneklik, montaj se\u00e7enekleri s\u00f6z konusu [...]\" \/>\n<meta property=\"og:url\" content=\"https:\/\/avngart.com\/vivavis\/urunler\/skalar-pro\/\" \/>\n<meta property=\"og:site_name\" content=\"VIVAVIS T\u00fcrkiye\" \/>\n<meta property=\"article:publisher\" content=\"https:\/\/www.facebook.com\/vivavisag\" \/>\n<meta property=\"article:modified_time\" content=\"2023-05-09T18:14:19+00:00\" \/>\n<meta property=\"og:image\" content=\"https:\/\/avngart.com\/vivavis\/wp-content\/uploads\/2022\/08\/08_skalar_pro-y-scaled.jpg\" \/>\n<meta name=\"twitter:card\" content=\"summary_large_image\" \/>\n<meta name=\"twitter:site\" content=\"@VIVAVIS_AG\" \/>\n<meta name=\"twitter:label1\" content=\"Tahmini okuma s\u00fcresi\" \/>\n\t<meta name=\"twitter:data1\" content=\"2 dakika\" \/>\n<script type=\"application\/ld+json\" class=\"yoast-schema-graph\">{\"@context\":\"https:\/\/schema.org\",\"@graph\":[{\"@type\":\"WebPage\",\"@id\":\"https:\/\/avngart.com\/vivavis\/urunler\/skalar-pro\/\",\"url\":\"https:\/\/avngart.com\/vivavis\/urunler\/skalar-pro\/\",\"name\":\"skalar.Pro - VIVAVIS T\u00fcrkiye\",\"isPartOf\":{\"@id\":\"https:\/\/avngart.com\/vivavis\/#website\"},\"primaryImageOfPage\":{\"@id\":\"https:\/\/avngart.com\/vivavis\/urunler\/skalar-pro\/#primaryimage\"},\"image\":{\"@id\":\"https:\/\/avngart.com\/vivavis\/urunler\/skalar-pro\/#primaryimage\"},\"thumbnailUrl\":\"https:\/\/avngart.com\/vivavis\/wp-content\/uploads\/2022\/08\/08_skalar_pro-y-scaled.jpg\",\"datePublished\":\"2022-05-25T01:13:48+00:00\",\"dateModified\":\"2023-05-09T18:14:19+00:00\",\"breadcrumb\":{\"@id\":\"https:\/\/avngart.com\/vivavis\/urunler\/skalar-pro\/#breadcrumb\"},\"inLanguage\":\"tr\",\"potentialAction\":[{\"@type\":\"ReadAction\",\"target\":[\"https:\/\/avngart.com\/vivavis\/urunler\/skalar-pro\/\"]}]},{\"@type\":\"ImageObject\",\"inLanguage\":\"tr\",\"@id\":\"https:\/\/avngart.com\/vivavis\/urunler\/skalar-pro\/#primaryimage\",\"url\":\"https:\/\/avngart.com\/vivavis\/wp-content\/uploads\/2022\/08\/08_skalar_pro-y-scaled.jpg\",\"contentUrl\":\"https:\/\/avngart.com\/vivavis\/wp-content\/uploads\/2022\/08\/08_skalar_pro-y-scaled.jpg\",\"width\":2560,\"height\":470},{\"@type\":\"BreadcrumbList\",\"@id\":\"https:\/\/avngart.com\/vivavis\/urunler\/skalar-pro\/#breadcrumb\",\"itemListElement\":[{\"@type\":\"ListItem\",\"position\":1,\"name\":\"Anasayfa\",\"item\":\"https:\/\/avngart.com\/vivavis\/\"},{\"@type\":\"ListItem\",\"position\":2,\"name\":\"\u00dcR\u00dcNLER\",\"item\":\"https:\/\/avngart.com\/vivavis\/urunler\/\"},{\"@type\":\"ListItem\",\"position\":3,\"name\":\"skalar.Pro\"}]},{\"@type\":\"WebSite\",\"@id\":\"https:\/\/avngart.com\/vivavis\/#website\",\"url\":\"https:\/\/avngart.com\/vivavis\/\",\"name\":\"VIVAVIS T\u00fcrkiye\",\"description\":\"Decoding the Future\",\"publisher\":{\"@id\":\"https:\/\/avngart.com\/vivavis\/#organization\"},\"potentialAction\":[{\"@type\":\"SearchAction\",\"target\":{\"@type\":\"EntryPoint\",\"urlTemplate\":\"https:\/\/avngart.com\/vivavis\/?s={search_term_string}\"},\"query-input\":{\"@type\":\"PropertyValueSpecification\",\"valueRequired\":true,\"valueName\":\"search_term_string\"}}],\"inLanguage\":\"tr\"},{\"@type\":\"Organization\",\"@id\":\"https:\/\/avngart.com\/vivavis\/#organization\",\"name\":\"VIVAVIS T\u00fcrkiye\",\"url\":\"https:\/\/avngart.com\/vivavis\/\",\"logo\":{\"@type\":\"ImageObject\",\"inLanguage\":\"tr\",\"@id\":\"https:\/\/avngart.com\/vivavis\/#\/schema\/logo\/image\/\",\"url\":\"https:\/\/avngart.com\/vivavis\/wp-content\/uploads\/2023\/08\/ids-68.svg\",\"contentUrl\":\"https:\/\/avngart.com\/vivavis\/wp-content\/uploads\/2023\/08\/ids-68.svg\",\"width\":1403,\"height\":512,\"caption\":\"VIVAVIS T\u00fcrkiye\"},\"image\":{\"@id\":\"https:\/\/avngart.com\/vivavis\/#\/schema\/logo\/image\/\"},\"sameAs\":[\"https:\/\/www.facebook.com\/vivavisag\",\"https:\/\/x.com\/VIVAVIS_AG\",\"https:\/\/www.instagram.com\/vivavis_ag\/\",\"https:\/\/tr.linkedin.com\/company\/ids-vivavis?trk=similar-pages\"]}]}<\/script>\n<!-- \/ Yoast SEO plugin. -->","yoast_head_json":{"title":"skalar.Pro - VIVAVIS T\u00fcrkiye","robots":{"index":"index","follow":"follow","max-snippet":"max-snippet:-1","max-image-preview":"max-image-preview:large","max-video-preview":"max-video-preview:-1"},"canonical":"https:\/\/avngart.com\/vivavis\/urunler\/skalar-pro\/","og_locale":"tr_TR","og_type":"article","og_title":"skalar.Pro - VIVAVIS T\u00fcrkiye","og_description":"Skalar.pro, otomatik saya\u00e7 okuma saha haberle\u015fme donan\u0131m \u00e7\u00f6z\u00fcm\u00fc. \u00c7ok y\u00f6nl\u00fc aray\u00fcz se\u00e7enekleri sayesinde, merkezi olmayan okuman\u0131n yan\u0131 s\u0131ra enerji, \u0131s\u0131, gaz ve su saya\u00e7lar\u0131 taraf\u0131ndan sa\u011flanan verilerin zamana ba\u011fl\u0131 veya olay tetikli iletimi i\u00e7in Skalar.pro&#8217;yu kullanabilirsiniz. Skalar.pro kapsaml\u0131 g\u00fcvenlik \u00f6zellikleri sa\u011flar ve IP tabanl\u0131 veri ileti\u015fiminin getirdi\u011fi t\u00fcm talepleri kar\u015f\u0131lar. Esneklik, montaj se\u00e7enekleri s\u00f6z konusu [...]","og_url":"https:\/\/avngart.com\/vivavis\/urunler\/skalar-pro\/","og_site_name":"VIVAVIS T\u00fcrkiye","article_publisher":"https:\/\/www.facebook.com\/vivavisag","article_modified_time":"2023-05-09T18:14:19+00:00","og_image":[{"url":"https:\/\/avngart.com\/vivavis\/wp-content\/uploads\/2022\/08\/08_skalar_pro-y-scaled.jpg","type":"","width":"","height":""}],"twitter_card":"summary_large_image","twitter_site":"@VIVAVIS_AG","twitter_misc":{"Tahmini okuma s\u00fcresi":"2 dakika"},"schema":{"@context":"https:\/\/schema.org","@graph":[{"@type":"WebPage","@id":"https:\/\/avngart.com\/vivavis\/urunler\/skalar-pro\/","url":"https:\/\/avngart.com\/vivavis\/urunler\/skalar-pro\/","name":"skalar.Pro - VIVAVIS T\u00fcrkiye","isPartOf":{"@id":"https:\/\/avngart.com\/vivavis\/#website"},"primaryImageOfPage":{"@id":"https:\/\/avngart.com\/vivavis\/urunler\/skalar-pro\/#primaryimage"},"image":{"@id":"https:\/\/avngart.com\/vivavis\/urunler\/skalar-pro\/#primaryimage"},"thumbnailUrl":"https:\/\/avngart.com\/vivavis\/wp-content\/uploads\/2022\/08\/08_skalar_pro-y-scaled.jpg","datePublished":"2022-05-25T01:13:48+00:00","dateModified":"2023-05-09T18:14:19+00:00","breadcrumb":{"@id":"https:\/\/avngart.com\/vivavis\/urunler\/skalar-pro\/#breadcrumb"},"inLanguage":"tr","potentialAction":[{"@type":"ReadAction","target":["https:\/\/avngart.com\/vivavis\/urunler\/skalar-pro\/"]}]},{"@type":"ImageObject","inLanguage":"tr","@id":"https:\/\/avngart.com\/vivavis\/urunler\/skalar-pro\/#primaryimage","url":"https:\/\/avngart.com\/vivavis\/wp-content\/uploads\/2022\/08\/08_skalar_pro-y-scaled.jpg","contentUrl":"https:\/\/avngart.com\/vivavis\/wp-content\/uploads\/2022\/08\/08_skalar_pro-y-scaled.jpg","width":2560,"height":470},{"@type":"BreadcrumbList","@id":"https:\/\/avngart.com\/vivavis\/urunler\/skalar-pro\/#breadcrumb","itemListElement":[{"@type":"ListItem","position":1,"name":"Anasayfa","item":"https:\/\/avngart.com\/vivavis\/"},{"@type":"ListItem","position":2,"name":"\u00dcR\u00dcNLER","item":"https:\/\/avngart.com\/vivavis\/urunler\/"},{"@type":"ListItem","position":3,"name":"skalar.Pro"}]},{"@type":"WebSite","@id":"https:\/\/avngart.com\/vivavis\/#website","url":"https:\/\/avngart.com\/vivavis\/","name":"VIVAVIS T\u00fcrkiye","description":"Decoding the Future","publisher":{"@id":"https:\/\/avngart.com\/vivavis\/#organization"},"potentialAction":[{"@type":"SearchAction","target":{"@type":"EntryPoint","urlTemplate":"https:\/\/avngart.com\/vivavis\/?s={search_term_string}"},"query-input":{"@type":"PropertyValueSpecification","valueRequired":true,"valueName":"search_term_string"}}],"inLanguage":"tr"},{"@type":"Organization","@id":"https:\/\/avngart.com\/vivavis\/#organization","name":"VIVAVIS T\u00fcrkiye","url":"https:\/\/avngart.com\/vivavis\/","logo":{"@type":"ImageObject","inLanguage":"tr","@id":"https:\/\/avngart.com\/vivavis\/#\/schema\/logo\/image\/","url":"https:\/\/avngart.com\/vivavis\/wp-content\/uploads\/2023\/08\/ids-68.svg","contentUrl":"https:\/\/avngart.com\/vivavis\/wp-content\/uploads\/2023\/08\/ids-68.svg","width":1403,"height":512,"caption":"VIVAVIS T\u00fcrkiye"},"image":{"@id":"https:\/\/avngart.com\/vivavis\/#\/schema\/logo\/image\/"},"sameAs":["https:\/\/www.facebook.com\/vivavisag","https:\/\/x.com\/VIVAVIS_AG","https:\/\/www.instagram.com\/vivavis_ag\/","https:\/\/tr.linkedin.com\/company\/ids-vivavis?trk=similar-pages"]}]}},"_links":{"self":[{"href":"https:\/\/avngart.com\/vivavis\/wp-json\/wp\/v2\/pages\/207","targetHints":{"allow":["GET"]}}],"collection":[{"href":"https:\/\/avngart.com\/vivavis\/wp-json\/wp\/v2\/pages"}],"about":[{"href":"https:\/\/avngart.com\/vivavis\/wp-json\/wp\/v2\/types\/page"}],"author":[{"embeddable":true,"href":"https:\/\/avngart.com\/vivavis\/wp-json\/wp\/v2\/users\/1"}],"replies":[{"embeddable":true,"href":"https:\/\/avngart.com\/vivavis\/wp-json\/wp\/v2\/comments?post=207"}],"version-history":[{"count":1,"href":"https:\/\/avngart.com\/vivavis\/wp-json\/wp\/v2\/pages\/207\/revisions"}],"predecessor-version":[{"id":2703,"href":"https:\/\/avngart.com\/vivavis\/wp-json\/wp\/v2\/pages\/207\/revisions\/2703"}],"up":[{"embeddable":true,"href":"https:\/\/avngart.com\/vivavis\/wp-json\/wp\/v2\/pages\/58"}],"wp:attachment":[{"href":"https:\/\/avngart.com\/vivavis\/wp-json\/wp\/v2\/media?parent=207"}],"curies":[{"name":"wp","href":"https:\/\/api.w.org\/{rel}","templated":true}]}}