{"id":213,"date":"2022-05-25T04:18:07","date_gmt":"2022-05-25T01:18:07","guid":{"rendered":"https:\/\/avngart.com\/vivavis\/?page_id=213"},"modified":"2023-05-09T21:14:45","modified_gmt":"2023-05-09T18:14:45","slug":"efficio","status":"publish","type":"page","link":"https:\/\/avngart.com\/vivavis\/urunler\/efficio\/","title":{"rendered":"EFFICIO"},"content":{"rendered":"\n<div class=\"wp-block-getwid-content-slider alignfull has-arrows-none has-dots-none page-banner\" data-autoplay=\"true\" data-arrows=\"none\" data-dots=\"none\"><div class=\"wp-block-getwid-content-slider__wrapper\">\n<div class=\"wp-block-getwid-content-slider-slide\"><div class=\"wp-block-getwid-content-slider-slide__wrapper\">\n<div class=\"wp-block-cover alignfull mb-0 mt-0\" style=\"min-height:320px;aspect-ratio:unset;\"><span aria-hidden=\"true\" class=\"wp-block-cover__background has-background-dim-0 has-background-dim\"><\/span><img loading=\"lazy\" decoding=\"async\" width=\"2560\" height=\"470\" class=\"wp-block-cover__image-background wp-image-2010\" alt=\"\" src=\"https:\/\/avngart.com\/vivavis\/wp-content\/uploads\/2022\/08\/effico_banner-y-scaled.jpg\" data-object-fit=\"cover\" srcset=\"https:\/\/avngart.com\/vivavis\/wp-content\/uploads\/2022\/08\/effico_banner-y-scaled.jpg 2560w, https:\/\/avngart.com\/vivavis\/wp-content\/uploads\/2022\/08\/effico_banner-y-300x55.jpg 300w, https:\/\/avngart.com\/vivavis\/wp-content\/uploads\/2022\/08\/effico_banner-y-1024x188.jpg 1024w, https:\/\/avngart.com\/vivavis\/wp-content\/uploads\/2022\/08\/effico_banner-y-768x141.jpg 768w, https:\/\/avngart.com\/vivavis\/wp-content\/uploads\/2022\/08\/effico_banner-y-1536x282.jpg 1536w, https:\/\/avngart.com\/vivavis\/wp-content\/uploads\/2022\/08\/effico_banner-y-2048x376.jpg 2048w, https:\/\/avngart.com\/vivavis\/wp-content\/uploads\/2022\/08\/effico_banner-y-1200x220.jpg 1200w, https:\/\/avngart.com\/vivavis\/wp-content\/uploads\/2022\/08\/effico_banner-y-1980x364.jpg 1980w\" sizes=\"auto, (max-width: 2560px) 100vw, 2560px\" \/><div class=\"wp-block-cover__inner-container is-layout-flow wp-block-cover-is-layout-flow\">\n<p class=\"bs1\">Y\u00fcksek enerji t\u00fcketimine sahip<\/p>\n\n\n\n<p class=\"bs2\">i\u015fletmeler i\u00e7in etkin<\/p>\n\n\n\n<p class=\"bs3\"><strong>enerji y\u00f6netim platformu<\/strong><\/p>\n<\/div><\/div>\n<\/div><\/div>\n<\/div><\/div>\n\n\n\n<div class=\"wp-block-columns alignfull block-col-1 is-layout-flex wp-container-core-columns-is-layout-9d6595d7 wp-block-columns-is-layout-flex\">\n<div class=\"wp-block-column is-layout-flow wp-block-column-is-layout-flow\">\n<p>EFFICIO, end\u00fcstriyel tesisler i\u00e7in enerji y\u00f6netimi  yaz\u0131l\u0131m \u00e7\u00f6z\u00fcm\u00fc. Temel s\u00fcr\u00fcm\u00fc dahi profesyonel bir enerji y\u00f6netim sisteminin t\u00fcm gereksinimlerini kar\u015f\u0131lar. Daha da y\u00fcksek gereksinimler i\u00e7in EFFICIO, ISO 50001 veya EMAS&#8217;a g\u00f6re sertifikasyon s\u00fcrecini \u00f6nemli \u00f6l\u00e7\u00fcde destekleyen ve \u00f6zelle\u015ftirilmi\u015f enerji raporlamas\u0131 sa\u011flayan bir dizi mod\u00fcl i\u00e7erir.<\/p>\n\n\n\n<p>End\u00fcstriyel tesisler, iletim ve da\u011f\u0131t\u0131m \u015febekelerinde y\u00fcksek enerji t\u00fcketimine sahip i\u015fletmeler i\u00e7in etkin enerj y\u00f6netim platformu.<\/p>\n<\/div>\n\n\n\n<div class=\"wp-block-column is-layout-flow wp-block-column-is-layout-flow\"><div class=\"wp-block-image grix\">\n<figure class=\"aligncenter size-full is-resized\"><img loading=\"lazy\" decoding=\"async\" src=\"https:\/\/avngart.com\/vivavis\/wp-content\/uploads\/2022\/08\/Efficio.png\" alt=\"\" class=\"wp-image-1376\" width=\"341\" height=\"196\" srcset=\"https:\/\/avngart.com\/vivavis\/wp-content\/uploads\/2022\/08\/Efficio.png 682w, https:\/\/avngart.com\/vivavis\/wp-content\/uploads\/2022\/08\/Efficio-300x172.png 300w\" sizes=\"auto, (max-width: 341px) 100vw, 341px\" \/><\/figure>\n<\/div><\/div>\n<\/div>\n","protected":false},"excerpt":{"rendered":"<p>EFFICIO, end\u00fcstriyel tesisler i\u00e7in enerji y\u00f6netimi yaz\u0131l\u0131m \u00e7\u00f6z\u00fcm\u00fc. Temel s\u00fcr\u00fcm\u00fc dahi profesyonel bir enerji y\u00f6netim sisteminin t\u00fcm gereksinimlerini kar\u015f\u0131lar. Daha da y\u00fcksek gereksinimler i\u00e7in EFFICIO, ISO 50001 veya EMAS&#8217;a g\u00f6re sertifikasyon s\u00fcrecini \u00f6nemli \u00f6l\u00e7\u00fcde destekleyen ve \u00f6zelle\u015ftirilmi\u015f enerji raporlamas\u0131 sa\u011flayan bir dizi mod\u00fcl i\u00e7erir. End\u00fcstriyel tesisler, iletim ve da\u011f\u0131t\u0131m \u015febekelerinde y\u00fcksek enerji t\u00fcketimine sahip i\u015fletmeler<a class=\"read-more\" href=\"https:\/\/avngart.com\/vivavis\/urunler\/efficio\/\"> [&#8230;]<\/a><\/p>\n","protected":false},"author":1,"featured_media":0,"parent":58,"menu_order":100,"comment_status":"closed","ping_status":"closed","template":"templates\/template-urunler.php","meta":{"_coblocks_attr":"","_coblocks_dimensions":"","_coblocks_responsive_height":"","_coblocks_accordion_ie_support":"","footnotes":""},"class_list":["post-213","page","type-page","status-publish","hentry"],"yoast_head":"<!-- This site is optimized with the Yoast SEO plugin v27.2 - https:\/\/yoast.com\/product\/yoast-seo-wordpress\/ -->\n<title>EFFICIO - VIVAVIS T\u00fcrkiye<\/title>\n<meta name=\"robots\" content=\"index, follow, max-snippet:-1, max-image-preview:large, max-video-preview:-1\" \/>\n<link rel=\"canonical\" href=\"https:\/\/avngart.com\/vivavis\/urunler\/efficio\/\" \/>\n<meta property=\"og:locale\" content=\"tr_TR\" \/>\n<meta property=\"og:type\" content=\"article\" \/>\n<meta property=\"og:title\" content=\"EFFICIO - VIVAVIS T\u00fcrkiye\" \/>\n<meta property=\"og:description\" content=\"EFFICIO, end\u00fcstriyel tesisler i\u00e7in enerji y\u00f6netimi yaz\u0131l\u0131m \u00e7\u00f6z\u00fcm\u00fc. Temel s\u00fcr\u00fcm\u00fc dahi profesyonel bir enerji y\u00f6netim sisteminin t\u00fcm gereksinimlerini kar\u015f\u0131lar. Daha da y\u00fcksek gereksinimler i\u00e7in EFFICIO, ISO 50001 veya EMAS&#8217;a g\u00f6re sertifikasyon s\u00fcrecini \u00f6nemli \u00f6l\u00e7\u00fcde destekleyen ve \u00f6zelle\u015ftirilmi\u015f enerji raporlamas\u0131 sa\u011flayan bir dizi mod\u00fcl i\u00e7erir. End\u00fcstriyel tesisler, iletim ve da\u011f\u0131t\u0131m \u015febekelerinde y\u00fcksek enerji t\u00fcketimine sahip i\u015fletmeler [...]\" \/>\n<meta property=\"og:url\" content=\"https:\/\/avngart.com\/vivavis\/urunler\/efficio\/\" \/>\n<meta property=\"og:site_name\" content=\"VIVAVIS T\u00fcrkiye\" \/>\n<meta property=\"article:publisher\" content=\"https:\/\/www.facebook.com\/vivavisag\" \/>\n<meta property=\"article:modified_time\" content=\"2023-05-09T18:14:45+00:00\" \/>\n<meta property=\"og:image\" content=\"https:\/\/avngart.com\/vivavis\/wp-content\/uploads\/2022\/08\/effico_banner-y-scaled.jpg\" \/>\n<meta name=\"twitter:card\" content=\"summary_large_image\" \/>\n<meta name=\"twitter:site\" content=\"@VIVAVIS_AG\" \/>\n<meta name=\"twitter:label1\" content=\"Tahmini okuma s\u00fcresi\" \/>\n\t<meta name=\"twitter:data1\" content=\"1 dakika\" \/>\n<script type=\"application\/ld+json\" class=\"yoast-schema-graph\">{\"@context\":\"https:\/\/schema.org\",\"@graph\":[{\"@type\":\"WebPage\",\"@id\":\"https:\/\/avngart.com\/vivavis\/urunler\/efficio\/\",\"url\":\"https:\/\/avngart.com\/vivavis\/urunler\/efficio\/\",\"name\":\"EFFICIO - VIVAVIS T\u00fcrkiye\",\"isPartOf\":{\"@id\":\"https:\/\/avngart.com\/vivavis\/#website\"},\"primaryImageOfPage\":{\"@id\":\"https:\/\/avngart.com\/vivavis\/urunler\/efficio\/#primaryimage\"},\"image\":{\"@id\":\"https:\/\/avngart.com\/vivavis\/urunler\/efficio\/#primaryimage\"},\"thumbnailUrl\":\"https:\/\/avngart.com\/vivavis\/wp-content\/uploads\/2022\/08\/effico_banner-y-scaled.jpg\",\"datePublished\":\"2022-05-25T01:18:07+00:00\",\"dateModified\":\"2023-05-09T18:14:45+00:00\",\"breadcrumb\":{\"@id\":\"https:\/\/avngart.com\/vivavis\/urunler\/efficio\/#breadcrumb\"},\"inLanguage\":\"tr\",\"potentialAction\":[{\"@type\":\"ReadAction\",\"target\":[\"https:\/\/avngart.com\/vivavis\/urunler\/efficio\/\"]}]},{\"@type\":\"ImageObject\",\"inLanguage\":\"tr\",\"@id\":\"https:\/\/avngart.com\/vivavis\/urunler\/efficio\/#primaryimage\",\"url\":\"https:\/\/avngart.com\/vivavis\/wp-content\/uploads\/2022\/08\/effico_banner-y-scaled.jpg\",\"contentUrl\":\"https:\/\/avngart.com\/vivavis\/wp-content\/uploads\/2022\/08\/effico_banner-y-scaled.jpg\",\"width\":2560,\"height\":470},{\"@type\":\"BreadcrumbList\",\"@id\":\"https:\/\/avngart.com\/vivavis\/urunler\/efficio\/#breadcrumb\",\"itemListElement\":[{\"@type\":\"ListItem\",\"position\":1,\"name\":\"Anasayfa\",\"item\":\"https:\/\/avngart.com\/vivavis\/\"},{\"@type\":\"ListItem\",\"position\":2,\"name\":\"\u00dcR\u00dcNLER\",\"item\":\"https:\/\/avngart.com\/vivavis\/urunler\/\"},{\"@type\":\"ListItem\",\"position\":3,\"name\":\"EFFICIO\"}]},{\"@type\":\"WebSite\",\"@id\":\"https:\/\/avngart.com\/vivavis\/#website\",\"url\":\"https:\/\/avngart.com\/vivavis\/\",\"name\":\"VIVAVIS T\u00fcrkiye\",\"description\":\"Decoding the Future\",\"publisher\":{\"@id\":\"https:\/\/avngart.com\/vivavis\/#organization\"},\"potentialAction\":[{\"@type\":\"SearchAction\",\"target\":{\"@type\":\"EntryPoint\",\"urlTemplate\":\"https:\/\/avngart.com\/vivavis\/?s={search_term_string}\"},\"query-input\":{\"@type\":\"PropertyValueSpecification\",\"valueRequired\":true,\"valueName\":\"search_term_string\"}}],\"inLanguage\":\"tr\"},{\"@type\":\"Organization\",\"@id\":\"https:\/\/avngart.com\/vivavis\/#organization\",\"name\":\"VIVAVIS T\u00fcrkiye\",\"url\":\"https:\/\/avngart.com\/vivavis\/\",\"logo\":{\"@type\":\"ImageObject\",\"inLanguage\":\"tr\",\"@id\":\"https:\/\/avngart.com\/vivavis\/#\/schema\/logo\/image\/\",\"url\":\"https:\/\/avngart.com\/vivavis\/wp-content\/uploads\/2023\/08\/ids-68.svg\",\"contentUrl\":\"https:\/\/avngart.com\/vivavis\/wp-content\/uploads\/2023\/08\/ids-68.svg\",\"width\":1403,\"height\":512,\"caption\":\"VIVAVIS T\u00fcrkiye\"},\"image\":{\"@id\":\"https:\/\/avngart.com\/vivavis\/#\/schema\/logo\/image\/\"},\"sameAs\":[\"https:\/\/www.facebook.com\/vivavisag\",\"https:\/\/x.com\/VIVAVIS_AG\",\"https:\/\/www.instagram.com\/vivavis_ag\/\",\"https:\/\/tr.linkedin.com\/company\/ids-vivavis?trk=similar-pages\"]}]}<\/script>\n<!-- \/ Yoast SEO plugin. -->","yoast_head_json":{"title":"EFFICIO - VIVAVIS T\u00fcrkiye","robots":{"index":"index","follow":"follow","max-snippet":"max-snippet:-1","max-image-preview":"max-image-preview:large","max-video-preview":"max-video-preview:-1"},"canonical":"https:\/\/avngart.com\/vivavis\/urunler\/efficio\/","og_locale":"tr_TR","og_type":"article","og_title":"EFFICIO - VIVAVIS T\u00fcrkiye","og_description":"EFFICIO, end\u00fcstriyel tesisler i\u00e7in enerji y\u00f6netimi yaz\u0131l\u0131m \u00e7\u00f6z\u00fcm\u00fc. Temel s\u00fcr\u00fcm\u00fc dahi profesyonel bir enerji y\u00f6netim sisteminin t\u00fcm gereksinimlerini kar\u015f\u0131lar. Daha da y\u00fcksek gereksinimler i\u00e7in EFFICIO, ISO 50001 veya EMAS&#8217;a g\u00f6re sertifikasyon s\u00fcrecini \u00f6nemli \u00f6l\u00e7\u00fcde destekleyen ve \u00f6zelle\u015ftirilmi\u015f enerji raporlamas\u0131 sa\u011flayan bir dizi mod\u00fcl i\u00e7erir. End\u00fcstriyel tesisler, iletim ve da\u011f\u0131t\u0131m \u015febekelerinde y\u00fcksek enerji t\u00fcketimine sahip i\u015fletmeler [...]","og_url":"https:\/\/avngart.com\/vivavis\/urunler\/efficio\/","og_site_name":"VIVAVIS T\u00fcrkiye","article_publisher":"https:\/\/www.facebook.com\/vivavisag","article_modified_time":"2023-05-09T18:14:45+00:00","og_image":[{"url":"https:\/\/avngart.com\/vivavis\/wp-content\/uploads\/2022\/08\/effico_banner-y-scaled.jpg","type":"","width":"","height":""}],"twitter_card":"summary_large_image","twitter_site":"@VIVAVIS_AG","twitter_misc":{"Tahmini okuma s\u00fcresi":"1 dakika"},"schema":{"@context":"https:\/\/schema.org","@graph":[{"@type":"WebPage","@id":"https:\/\/avngart.com\/vivavis\/urunler\/efficio\/","url":"https:\/\/avngart.com\/vivavis\/urunler\/efficio\/","name":"EFFICIO - VIVAVIS T\u00fcrkiye","isPartOf":{"@id":"https:\/\/avngart.com\/vivavis\/#website"},"primaryImageOfPage":{"@id":"https:\/\/avngart.com\/vivavis\/urunler\/efficio\/#primaryimage"},"image":{"@id":"https:\/\/avngart.com\/vivavis\/urunler\/efficio\/#primaryimage"},"thumbnailUrl":"https:\/\/avngart.com\/vivavis\/wp-content\/uploads\/2022\/08\/effico_banner-y-scaled.jpg","datePublished":"2022-05-25T01:18:07+00:00","dateModified":"2023-05-09T18:14:45+00:00","breadcrumb":{"@id":"https:\/\/avngart.com\/vivavis\/urunler\/efficio\/#breadcrumb"},"inLanguage":"tr","potentialAction":[{"@type":"ReadAction","target":["https:\/\/avngart.com\/vivavis\/urunler\/efficio\/"]}]},{"@type":"ImageObject","inLanguage":"tr","@id":"https:\/\/avngart.com\/vivavis\/urunler\/efficio\/#primaryimage","url":"https:\/\/avngart.com\/vivavis\/wp-content\/uploads\/2022\/08\/effico_banner-y-scaled.jpg","contentUrl":"https:\/\/avngart.com\/vivavis\/wp-content\/uploads\/2022\/08\/effico_banner-y-scaled.jpg","width":2560,"height":470},{"@type":"BreadcrumbList","@id":"https:\/\/avngart.com\/vivavis\/urunler\/efficio\/#breadcrumb","itemListElement":[{"@type":"ListItem","position":1,"name":"Anasayfa","item":"https:\/\/avngart.com\/vivavis\/"},{"@type":"ListItem","position":2,"name":"\u00dcR\u00dcNLER","item":"https:\/\/avngart.com\/vivavis\/urunler\/"},{"@type":"ListItem","position":3,"name":"EFFICIO"}]},{"@type":"WebSite","@id":"https:\/\/avngart.com\/vivavis\/#website","url":"https:\/\/avngart.com\/vivavis\/","name":"VIVAVIS T\u00fcrkiye","description":"Decoding the Future","publisher":{"@id":"https:\/\/avngart.com\/vivavis\/#organization"},"potentialAction":[{"@type":"SearchAction","target":{"@type":"EntryPoint","urlTemplate":"https:\/\/avngart.com\/vivavis\/?s={search_term_string}"},"query-input":{"@type":"PropertyValueSpecification","valueRequired":true,"valueName":"search_term_string"}}],"inLanguage":"tr"},{"@type":"Organization","@id":"https:\/\/avngart.com\/vivavis\/#organization","name":"VIVAVIS T\u00fcrkiye","url":"https:\/\/avngart.com\/vivavis\/","logo":{"@type":"ImageObject","inLanguage":"tr","@id":"https:\/\/avngart.com\/vivavis\/#\/schema\/logo\/image\/","url":"https:\/\/avngart.com\/vivavis\/wp-content\/uploads\/2023\/08\/ids-68.svg","contentUrl":"https:\/\/avngart.com\/vivavis\/wp-content\/uploads\/2023\/08\/ids-68.svg","width":1403,"height":512,"caption":"VIVAVIS T\u00fcrkiye"},"image":{"@id":"https:\/\/avngart.com\/vivavis\/#\/schema\/logo\/image\/"},"sameAs":["https:\/\/www.facebook.com\/vivavisag","https:\/\/x.com\/VIVAVIS_AG","https:\/\/www.instagram.com\/vivavis_ag\/","https:\/\/tr.linkedin.com\/company\/ids-vivavis?trk=similar-pages"]}]}},"_links":{"self":[{"href":"https:\/\/avngart.com\/vivavis\/wp-json\/wp\/v2\/pages\/213","targetHints":{"allow":["GET"]}}],"collection":[{"href":"https:\/\/avngart.com\/vivavis\/wp-json\/wp\/v2\/pages"}],"about":[{"href":"https:\/\/avngart.com\/vivavis\/wp-json\/wp\/v2\/types\/page"}],"author":[{"embeddable":true,"href":"https:\/\/avngart.com\/vivavis\/wp-json\/wp\/v2\/users\/1"}],"replies":[{"embeddable":true,"href":"https:\/\/avngart.com\/vivavis\/wp-json\/wp\/v2\/comments?post=213"}],"version-history":[{"count":1,"href":"https:\/\/avngart.com\/vivavis\/wp-json\/wp\/v2\/pages\/213\/revisions"}],"predecessor-version":[{"id":2705,"href":"https:\/\/avngart.com\/vivavis\/wp-json\/wp\/v2\/pages\/213\/revisions\/2705"}],"up":[{"embeddable":true,"href":"https:\/\/avngart.com\/vivavis\/wp-json\/wp\/v2\/pages\/58"}],"wp:attachment":[{"href":"https:\/\/avngart.com\/vivavis\/wp-json\/wp\/v2\/media?parent=213"}],"curies":[{"name":"wp","href":"https:\/\/api.w.org\/{rel}","templated":true}]}}