{"id":438,"date":"2022-06-06T02:39:32","date_gmt":"2022-06-05T23:39:32","guid":{"rendered":"https:\/\/avngart.com\/vivavis\/?page_id=438"},"modified":"2023-05-09T21:18:28","modified_gmt":"2023-05-09T18:18:28","slug":"gaz-ve-petrol-cozumleri","status":"publish","type":"page","link":"https:\/\/avngart.com\/vivavis\/cozumler\/gaz-ve-petrol-cozumleri\/","title":{"rendered":"Gaz ve Petrol"},"content":{"rendered":"\n<div class=\"wp-block-columns alignfull cozumler-block block-col-1 is-layout-flex wp-container-core-columns-is-layout-9d6595d7 wp-block-columns-is-layout-flex\">\n<div class=\"wp-block-column is-layout-flow wp-block-column-is-layout-flow\"><div class=\"wp-block-image grix\">\n<figure class=\"aligncenter size-full\"><img loading=\"lazy\" decoding=\"async\" width=\"56\" height=\"56\" src=\"https:\/\/avngart.com\/vivavis\/wp-content\/uploads\/2022\/06\/Asset-9.png\" alt=\"\" class=\"wp-image-647\"\/><\/figure>\n<\/div>\n\n\n<h3 class=\"wp-block-heading\">Proje<\/h3>\n\n\n\n<p>Petrol, do\u011falgaz \u0130letim ve da\u011f\u0131t\u0131m hatlar\u0131, \u00f6l\u00e7\u00fcm, izleme ve kontrol sistemlerinin projelendirilmesi.<\/p>\n<\/div>\n\n\n\n<div class=\"wp-block-column is-layout-flow wp-block-column-is-layout-flow\"><div class=\"wp-block-image grix\">\n<figure class=\"aligncenter size-full\"><img loading=\"lazy\" decoding=\"async\" width=\"51\" height=\"45\" src=\"https:\/\/avngart.com\/vivavis\/wp-content\/uploads\/2022\/06\/Asset-3-1.png\" alt=\"\" class=\"wp-image-709\"\/><\/figure>\n<\/div>\n\n\n<h3 class=\"wp-block-heading\">\u00d6l\u00e7\u00fcm ve<br>Kontrol Sistemleri<\/h3>\n\n\n\n<p>\u0130letim ve da\u011f\u0131t\u0131m hatlar\u0131 \u00f6l\u00e7\u00fcm ve kontrol sistemlerinin, \u00f6l\u00e7\u00fcm, otomasyon, haberle\u015fme altyap\u0131lar\u0131<\/p>\n<\/div>\n\n\n\n<div class=\"wp-block-column is-layout-flow wp-block-column-is-layout-flow\"><div class=\"wp-block-image grix\">\n<figure class=\"aligncenter size-full\"><img loading=\"lazy\" decoding=\"async\" width=\"50\" height=\"56\" src=\"https:\/\/avngart.com\/vivavis\/wp-content\/uploads\/2022\/06\/Asset-11.png\" alt=\"\" class=\"wp-image-649\"\/><\/figure>\n<\/div>\n\n\n<h3 class=\"wp-block-heading\">Veri<br>Toplama<\/h3>\n\n\n\n<p>Da\u011f\u0131t\u0131m istasyonlar, tesisleri i\u00e7in veri toplama ve kontrol sistemleri, RTU ve haberle\u015fme altyap\u0131lar\u0131n\u0131n olu\u015fturulmas\u0131. \u00f6zel \u00f6l\u00e7\u00fcmler ve hesaplamalar.<\/p>\n<\/div>\n\n\n\n<div class=\"wp-block-column is-layout-flow wp-block-column-is-layout-flow\"><div class=\"wp-block-image  grix\">\n<figure class=\"aligncenter size-full\"><img loading=\"lazy\" decoding=\"async\" width=\"57\" height=\"53\" src=\"https:\/\/avngart.com\/vivavis\/wp-content\/uploads\/2022\/06\/icon-2.png\" alt=\"\" class=\"wp-image-607\"\/><\/figure>\n<\/div>\n\n\n<h3 class=\"wp-block-heading\">SCADA-<br>\u0130zleme ve Kontrol<\/h3>\n\n\n\n<p>Merkezi izleme ve kontrol -SCADA Sistemleri, donan\u0131m ve yaz\u0131l\u0131m \u00e7\u00f6z\u00fcmleri, ana kontrol ve acil kontrol merkezlerinin <\/p>\n<\/div>\n<\/div>\n\n\n\n<div class=\"wp-block-columns alignfull cozumler-block block-col-1 is-layout-flex wp-container-core-columns-is-layout-9d6595d7 wp-block-columns-is-layout-flex\">\n<div class=\"wp-block-column is-layout-flow wp-block-column-is-layout-flow\"><div class=\"wp-block-image grix\">\n<figure class=\"aligncenter size-full\"><img loading=\"lazy\" decoding=\"async\" width=\"50\" height=\"47\" src=\"https:\/\/avngart.com\/vivavis\/wp-content\/uploads\/2022\/06\/Asset-8-1.png\" alt=\"\" class=\"wp-image-702\"\/><\/figure>\n<\/div>\n\n\n<h3 class=\"wp-block-heading\">Enstr\u00fcman<\/h3>\n\n\n\n<p>\u0130letim ve da\u011f\u0131t\u0131m  \u015febekesi, RMS, Vana, M\u00fc\u015fteri istasyonlar\u0131 \u00f6l\u00e7\u00fcm enstr\u00fcmanlar\u0131<\/p>\n<\/div>\n\n\n\n<div class=\"wp-block-column is-layout-flow wp-block-column-is-layout-flow\"><div class=\"wp-block-image grix\">\n<figure class=\"aligncenter size-full\"><img loading=\"lazy\" decoding=\"async\" width=\"48\" height=\"48\" src=\"https:\/\/avngart.com\/vivavis\/wp-content\/uploads\/2022\/06\/Asset-3.png\" alt=\"\" class=\"wp-image-639\"\/><\/figure>\n<\/div>\n\n\n<h3 class=\"wp-block-heading\">M\u00fc\u015fteri Tesisleri<\/h3>\n\n\n\n<p>Orta ve b\u00fcy\u00fck \u00f6l\u00e7ekli t\u00fcketici tesisleri izleme ve kontrol sistemleri<\/p>\n<\/div>\n\n\n\n<div class=\"wp-block-column is-layout-flow wp-block-column-is-layout-flow\"><div class=\"wp-block-image grix\">\n<figure class=\"aligncenter size-full is-resized\"><img loading=\"lazy\" decoding=\"async\" src=\"https:\/\/avngart.com\/vivavis\/wp-content\/uploads\/2022\/09\/03-gasversorgung.png\" alt=\"\" class=\"wp-image-2311\" width=\"70\" height=\"70\" srcset=\"https:\/\/avngart.com\/vivavis\/wp-content\/uploads\/2022\/09\/03-gasversorgung.png 1000w, https:\/\/avngart.com\/vivavis\/wp-content\/uploads\/2022\/09\/03-gasversorgung-300x300.png 300w, https:\/\/avngart.com\/vivavis\/wp-content\/uploads\/2022\/09\/03-gasversorgung-150x150.png 150w, https:\/\/avngart.com\/vivavis\/wp-content\/uploads\/2022\/09\/03-gasversorgung-768x768.png 768w\" sizes=\"auto, (max-width: 70px) 100vw, 70px\" \/><\/figure>\n<\/div>\n\n\n<h3 class=\"wp-block-heading\">AMR- Saya\u00e7 Okuma<br>Toplama<\/h3>\n\n\n\n<p>AMR- Otomatik Saya\u00e7 okuma sistemleri, merkezi yaz\u0131l\u0131mlar ve saha donan\u0131mlar\u0131<\/p>\n<\/div>\n\n\n\n<div class=\"wp-block-column is-layout-flow wp-block-column-is-layout-flow\"><div class=\"wp-block-image grix\">\n<figure class=\"aligncenter size-full\"><img loading=\"lazy\" decoding=\"async\" width=\"66\" height=\"49\" src=\"https:\/\/avngart.com\/vivavis\/wp-content\/uploads\/2022\/06\/Asset-12-1.png\" alt=\"\" class=\"wp-image-706\"\/><\/figure>\n<\/div>\n\n\n<h3 class=\"wp-block-heading\">\u015eebeke Y\u00f6netimi<\/h3>\n\n\n\n<p>\u0130leri seviye y\u00f6netim platformu tesis ederek, i\u015fletme optimizasyonu, performansa dayal\u0131 y\u00f6netim imkan\u0131.<\/p>\n<\/div>\n<\/div>\n","protected":false},"excerpt":{"rendered":"<p>\u0130letim ve Da\u011f\u0131t\u0131m<\/p>\n<p>\u015eehirler i\u00e7in do\u011falgaz iletim ve da\u011f\u0131t\u0131m tesisleri \u00f6l\u00e7\u00fcm ve kontrol sistemleri, i\u015fletme y\u00f6netim ara\u00e7lar\u0131<\/p>\n","protected":false},"author":1,"featured_media":803,"parent":60,"menu_order":30,"comment_status":"closed","ping_status":"closed","template":"templates\/template-cozumler.php","meta":{"_coblocks_attr":"","_coblocks_dimensions":"","_coblocks_responsive_height":"","_coblocks_accordion_ie_support":"","footnotes":""},"class_list":["post-438","page","type-page","status-publish","has-post-thumbnail","hentry"],"yoast_head":"<!-- This site is optimized with the Yoast SEO plugin v27.2 - https:\/\/yoast.com\/product\/yoast-seo-wordpress\/ -->\n<title>Gaz ve Petrol - VIVAVIS T\u00fcrkiye<\/title>\n<meta name=\"robots\" content=\"index, follow, max-snippet:-1, max-image-preview:large, max-video-preview:-1\" \/>\n<link rel=\"canonical\" href=\"https:\/\/avngart.com\/vivavis\/cozumler\/gaz-ve-petrol-cozumleri\/\" \/>\n<meta property=\"og:locale\" content=\"tr_TR\" \/>\n<meta property=\"og:type\" content=\"article\" \/>\n<meta property=\"og:title\" content=\"Gaz ve Petrol - VIVAVIS T\u00fcrkiye\" \/>\n<meta property=\"og:description\" content=\"\u0130letim ve Da\u011f\u0131t\u0131m \u015eehirler i\u00e7in do\u011falgaz iletim ve da\u011f\u0131t\u0131m tesisleri \u00f6l\u00e7\u00fcm ve kontrol sistemleri, i\u015fletme y\u00f6netim ara\u00e7lar\u0131\" \/>\n<meta property=\"og:url\" content=\"https:\/\/avngart.com\/vivavis\/cozumler\/gaz-ve-petrol-cozumleri\/\" \/>\n<meta property=\"og:site_name\" content=\"VIVAVIS T\u00fcrkiye\" \/>\n<meta property=\"article:publisher\" content=\"https:\/\/www.facebook.com\/vivavisag\" \/>\n<meta property=\"article:modified_time\" content=\"2023-05-09T18:18:28+00:00\" \/>\n<meta property=\"og:image\" content=\"https:\/\/avngart.com\/vivavis\/wp-content\/uploads\/2022\/06\/gas-ikon.png\" \/>\n\t<meta property=\"og:image:width\" content=\"141\" \/>\n\t<meta property=\"og:image:height\" content=\"139\" \/>\n\t<meta property=\"og:image:type\" content=\"image\/png\" \/>\n<meta name=\"twitter:card\" content=\"summary_large_image\" \/>\n<meta name=\"twitter:site\" content=\"@VIVAVIS_AG\" \/>\n<meta name=\"twitter:label1\" content=\"Tahmini okuma s\u00fcresi\" \/>\n\t<meta name=\"twitter:data1\" content=\"3 dakika\" \/>\n<script type=\"application\/ld+json\" class=\"yoast-schema-graph\">{\"@context\":\"https:\/\/schema.org\",\"@graph\":[{\"@type\":\"WebPage\",\"@id\":\"https:\/\/avngart.com\/vivavis\/cozumler\/gaz-ve-petrol-cozumleri\/\",\"url\":\"https:\/\/avngart.com\/vivavis\/cozumler\/gaz-ve-petrol-cozumleri\/\",\"name\":\"Gaz ve Petrol - VIVAVIS T\u00fcrkiye\",\"isPartOf\":{\"@id\":\"https:\/\/avngart.com\/vivavis\/#website\"},\"primaryImageOfPage\":{\"@id\":\"https:\/\/avngart.com\/vivavis\/cozumler\/gaz-ve-petrol-cozumleri\/#primaryimage\"},\"image\":{\"@id\":\"https:\/\/avngart.com\/vivavis\/cozumler\/gaz-ve-petrol-cozumleri\/#primaryimage\"},\"thumbnailUrl\":\"https:\/\/avngart.com\/vivavis\/wp-content\/uploads\/2022\/06\/gas-ikon.png\",\"datePublished\":\"2022-06-05T23:39:32+00:00\",\"dateModified\":\"2023-05-09T18:18:28+00:00\",\"breadcrumb\":{\"@id\":\"https:\/\/avngart.com\/vivavis\/cozumler\/gaz-ve-petrol-cozumleri\/#breadcrumb\"},\"inLanguage\":\"tr\",\"potentialAction\":[{\"@type\":\"ReadAction\",\"target\":[\"https:\/\/avngart.com\/vivavis\/cozumler\/gaz-ve-petrol-cozumleri\/\"]}]},{\"@type\":\"ImageObject\",\"inLanguage\":\"tr\",\"@id\":\"https:\/\/avngart.com\/vivavis\/cozumler\/gaz-ve-petrol-cozumleri\/#primaryimage\",\"url\":\"https:\/\/avngart.com\/vivavis\/wp-content\/uploads\/2022\/06\/gas-ikon.png\",\"contentUrl\":\"https:\/\/avngart.com\/vivavis\/wp-content\/uploads\/2022\/06\/gas-ikon.png\",\"width\":141,\"height\":139},{\"@type\":\"BreadcrumbList\",\"@id\":\"https:\/\/avngart.com\/vivavis\/cozumler\/gaz-ve-petrol-cozumleri\/#breadcrumb\",\"itemListElement\":[{\"@type\":\"ListItem\",\"position\":1,\"name\":\"Anasayfa\",\"item\":\"https:\/\/avngart.com\/vivavis\/\"},{\"@type\":\"ListItem\",\"position\":2,\"name\":\"\u00c7\u00f6z\u00fcmler\",\"item\":\"https:\/\/avngart.com\/vivavis\/cozumler\/\"},{\"@type\":\"ListItem\",\"position\":3,\"name\":\"Gaz ve Petrol\"}]},{\"@type\":\"WebSite\",\"@id\":\"https:\/\/avngart.com\/vivavis\/#website\",\"url\":\"https:\/\/avngart.com\/vivavis\/\",\"name\":\"VIVAVIS T\u00fcrkiye\",\"description\":\"Decoding the Future\",\"publisher\":{\"@id\":\"https:\/\/avngart.com\/vivavis\/#organization\"},\"potentialAction\":[{\"@type\":\"SearchAction\",\"target\":{\"@type\":\"EntryPoint\",\"urlTemplate\":\"https:\/\/avngart.com\/vivavis\/?s={search_term_string}\"},\"query-input\":{\"@type\":\"PropertyValueSpecification\",\"valueRequired\":true,\"valueName\":\"search_term_string\"}}],\"inLanguage\":\"tr\"},{\"@type\":\"Organization\",\"@id\":\"https:\/\/avngart.com\/vivavis\/#organization\",\"name\":\"VIVAVIS T\u00fcrkiye\",\"url\":\"https:\/\/avngart.com\/vivavis\/\",\"logo\":{\"@type\":\"ImageObject\",\"inLanguage\":\"tr\",\"@id\":\"https:\/\/avngart.com\/vivavis\/#\/schema\/logo\/image\/\",\"url\":\"https:\/\/avngart.com\/vivavis\/wp-content\/uploads\/2023\/08\/ids-68.svg\",\"contentUrl\":\"https:\/\/avngart.com\/vivavis\/wp-content\/uploads\/2023\/08\/ids-68.svg\",\"width\":1403,\"height\":512,\"caption\":\"VIVAVIS T\u00fcrkiye\"},\"image\":{\"@id\":\"https:\/\/avngart.com\/vivavis\/#\/schema\/logo\/image\/\"},\"sameAs\":[\"https:\/\/www.facebook.com\/vivavisag\",\"https:\/\/x.com\/VIVAVIS_AG\",\"https:\/\/www.instagram.com\/vivavis_ag\/\",\"https:\/\/tr.linkedin.com\/company\/ids-vivavis?trk=similar-pages\"]}]}<\/script>\n<!-- \/ Yoast SEO plugin. -->","yoast_head_json":{"title":"Gaz ve Petrol - VIVAVIS T\u00fcrkiye","robots":{"index":"index","follow":"follow","max-snippet":"max-snippet:-1","max-image-preview":"max-image-preview:large","max-video-preview":"max-video-preview:-1"},"canonical":"https:\/\/avngart.com\/vivavis\/cozumler\/gaz-ve-petrol-cozumleri\/","og_locale":"tr_TR","og_type":"article","og_title":"Gaz ve Petrol - VIVAVIS T\u00fcrkiye","og_description":"\u0130letim ve Da\u011f\u0131t\u0131m \u015eehirler i\u00e7in do\u011falgaz iletim ve da\u011f\u0131t\u0131m tesisleri \u00f6l\u00e7\u00fcm ve kontrol sistemleri, i\u015fletme y\u00f6netim ara\u00e7lar\u0131","og_url":"https:\/\/avngart.com\/vivavis\/cozumler\/gaz-ve-petrol-cozumleri\/","og_site_name":"VIVAVIS T\u00fcrkiye","article_publisher":"https:\/\/www.facebook.com\/vivavisag","article_modified_time":"2023-05-09T18:18:28+00:00","og_image":[{"width":141,"height":139,"url":"https:\/\/avngart.com\/vivavis\/wp-content\/uploads\/2022\/06\/gas-ikon.png","type":"image\/png"}],"twitter_card":"summary_large_image","twitter_site":"@VIVAVIS_AG","twitter_misc":{"Tahmini okuma s\u00fcresi":"3 dakika"},"schema":{"@context":"https:\/\/schema.org","@graph":[{"@type":"WebPage","@id":"https:\/\/avngart.com\/vivavis\/cozumler\/gaz-ve-petrol-cozumleri\/","url":"https:\/\/avngart.com\/vivavis\/cozumler\/gaz-ve-petrol-cozumleri\/","name":"Gaz ve Petrol - VIVAVIS T\u00fcrkiye","isPartOf":{"@id":"https:\/\/avngart.com\/vivavis\/#website"},"primaryImageOfPage":{"@id":"https:\/\/avngart.com\/vivavis\/cozumler\/gaz-ve-petrol-cozumleri\/#primaryimage"},"image":{"@id":"https:\/\/avngart.com\/vivavis\/cozumler\/gaz-ve-petrol-cozumleri\/#primaryimage"},"thumbnailUrl":"https:\/\/avngart.com\/vivavis\/wp-content\/uploads\/2022\/06\/gas-ikon.png","datePublished":"2022-06-05T23:39:32+00:00","dateModified":"2023-05-09T18:18:28+00:00","breadcrumb":{"@id":"https:\/\/avngart.com\/vivavis\/cozumler\/gaz-ve-petrol-cozumleri\/#breadcrumb"},"inLanguage":"tr","potentialAction":[{"@type":"ReadAction","target":["https:\/\/avngart.com\/vivavis\/cozumler\/gaz-ve-petrol-cozumleri\/"]}]},{"@type":"ImageObject","inLanguage":"tr","@id":"https:\/\/avngart.com\/vivavis\/cozumler\/gaz-ve-petrol-cozumleri\/#primaryimage","url":"https:\/\/avngart.com\/vivavis\/wp-content\/uploads\/2022\/06\/gas-ikon.png","contentUrl":"https:\/\/avngart.com\/vivavis\/wp-content\/uploads\/2022\/06\/gas-ikon.png","width":141,"height":139},{"@type":"BreadcrumbList","@id":"https:\/\/avngart.com\/vivavis\/cozumler\/gaz-ve-petrol-cozumleri\/#breadcrumb","itemListElement":[{"@type":"ListItem","position":1,"name":"Anasayfa","item":"https:\/\/avngart.com\/vivavis\/"},{"@type":"ListItem","position":2,"name":"\u00c7\u00f6z\u00fcmler","item":"https:\/\/avngart.com\/vivavis\/cozumler\/"},{"@type":"ListItem","position":3,"name":"Gaz ve Petrol"}]},{"@type":"WebSite","@id":"https:\/\/avngart.com\/vivavis\/#website","url":"https:\/\/avngart.com\/vivavis\/","name":"VIVAVIS T\u00fcrkiye","description":"Decoding the Future","publisher":{"@id":"https:\/\/avngart.com\/vivavis\/#organization"},"potentialAction":[{"@type":"SearchAction","target":{"@type":"EntryPoint","urlTemplate":"https:\/\/avngart.com\/vivavis\/?s={search_term_string}"},"query-input":{"@type":"PropertyValueSpecification","valueRequired":true,"valueName":"search_term_string"}}],"inLanguage":"tr"},{"@type":"Organization","@id":"https:\/\/avngart.com\/vivavis\/#organization","name":"VIVAVIS T\u00fcrkiye","url":"https:\/\/avngart.com\/vivavis\/","logo":{"@type":"ImageObject","inLanguage":"tr","@id":"https:\/\/avngart.com\/vivavis\/#\/schema\/logo\/image\/","url":"https:\/\/avngart.com\/vivavis\/wp-content\/uploads\/2023\/08\/ids-68.svg","contentUrl":"https:\/\/avngart.com\/vivavis\/wp-content\/uploads\/2023\/08\/ids-68.svg","width":1403,"height":512,"caption":"VIVAVIS T\u00fcrkiye"},"image":{"@id":"https:\/\/avngart.com\/vivavis\/#\/schema\/logo\/image\/"},"sameAs":["https:\/\/www.facebook.com\/vivavisag","https:\/\/x.com\/VIVAVIS_AG","https:\/\/www.instagram.com\/vivavis_ag\/","https:\/\/tr.linkedin.com\/company\/ids-vivavis?trk=similar-pages"]}]}},"_links":{"self":[{"href":"https:\/\/avngart.com\/vivavis\/wp-json\/wp\/v2\/pages\/438","targetHints":{"allow":["GET"]}}],"collection":[{"href":"https:\/\/avngart.com\/vivavis\/wp-json\/wp\/v2\/pages"}],"about":[{"href":"https:\/\/avngart.com\/vivavis\/wp-json\/wp\/v2\/types\/page"}],"author":[{"embeddable":true,"href":"https:\/\/avngart.com\/vivavis\/wp-json\/wp\/v2\/users\/1"}],"replies":[{"embeddable":true,"href":"https:\/\/avngart.com\/vivavis\/wp-json\/wp\/v2\/comments?post=438"}],"version-history":[{"count":3,"href":"https:\/\/avngart.com\/vivavis\/wp-json\/wp\/v2\/pages\/438\/revisions"}],"predecessor-version":[{"id":2710,"href":"https:\/\/avngart.com\/vivavis\/wp-json\/wp\/v2\/pages\/438\/revisions\/2710"}],"up":[{"embeddable":true,"href":"https:\/\/avngart.com\/vivavis\/wp-json\/wp\/v2\/pages\/60"}],"wp:featuredmedia":[{"embeddable":true,"href":"https:\/\/avngart.com\/vivavis\/wp-json\/wp\/v2\/media\/803"}],"wp:attachment":[{"href":"https:\/\/avngart.com\/vivavis\/wp-json\/wp\/v2\/media?parent=438"}],"curies":[{"name":"wp","href":"https:\/\/api.w.org\/{rel}","templated":true}]}}